{"id":102,"date":"2019-12-12T19:36:36","date_gmt":"2019-12-12T19:36:36","guid":{"rendered":"https:\/\/www.ophris.fr\/?page_id=102"},"modified":"2019-12-12T19:36:36","modified_gmt":"2019-12-12T19:36:36","slug":"2013-lyon","status":"publish","type":"page","link":"https:\/\/www.ophris.fr\/?page_id=102","title":{"rendered":"2013 &#8211; Lyon"},"content":{"rendered":"\n<figure class=\"wp-block-image size-large\"><img loading=\"lazy\" decoding=\"async\" width=\"460\" height=\"677\" src=\"https:\/\/www.ophris.fr\/wp-content\/uploads\/2019\/12\/lyon2013.png\" alt=\"\" class=\"wp-image-103\" srcset=\"https:\/\/www.ophris.fr\/wp-content\/uploads\/2019\/12\/lyon2013.png 460w, https:\/\/www.ophris.fr\/wp-content\/uploads\/2019\/12\/lyon2013-204x300.png 204w, https:\/\/www.ophris.fr\/wp-content\/uploads\/2019\/12\/lyon2013-183x270.png 183w\" sizes=\"auto, (max-width: 460px) 100vw, 460px\" \/><\/figure>\n\n\n\n<p>S\u2019int\u00e9resser \u00e0 la question des savoirs professionnels visant des pratiques inclusives&nbsp;et \u00e9mancipatrices,&nbsp;&nbsp;c\u2019est&nbsp;&nbsp;d\u2019abord reconnaitre et questionner les \u00ab&nbsp;savoirs en actes&nbsp;\u00bb parmi la diversit\u00e9 des acteurs de l\u2019inclusion (enseignement du 1<sup>er<\/sup>, 2<sup>\u00e8me<\/sup>&nbsp;et 3<sup>\u00e8me<\/sup>&nbsp;degr\u00e9, Segpa, Clis, Ulis, MDPH, enseignement sp\u00e9cialis\u00e9, Education sp\u00e9cialis\u00e9e, parents, acteurs \u00e0 la premi\u00e8re personne\u2026). C\u2019est aussi interroger les repr\u00e9sentations respectives, celles qu\u2019on se fait des possibilit\u00e9s d\u2019action des personnes&nbsp;: qui est l\u2019homme capable&nbsp;?&nbsp;<\/p>\n\n\n\n<p>Certes,&nbsp;il existe d\u00e9j\u00e0 des collaborations entre&nbsp;&nbsp;diff\u00e9rents acteurs des institutions m\u00e9dico-sociales et scolaires et les uns et les autres&nbsp;&nbsp;peuvent mettre en \u0153uvre, au quotidien,&nbsp;&nbsp;des actions utiles aux pratiques inclusives.&nbsp;&nbsp;Mettre en \u00e9vidence ces petits pas du quotidien, c\u2019est interroger les discours et les syst\u00e8mes s\u00e9miotiques non verbaux (gestes, rapports prox\u00e9miques, etc.) qui les fondent ainsi que les contrats r\u00e9gissant diff\u00e9rentes institutions. Comme d\u00e9sormais, \u00ab&nbsp;tout enfant est de droit un \u00e9l\u00e8ve&nbsp;\u00bb&nbsp;(loi 2005), le colloque donnera une place importante \u00e0 l\u2019analyse des syst\u00e8mes s\u00e9miotiques articul\u00e9s \u00e0 des contrats et des situations didactiques et p\u00e9dagogiques pour donner ainsi des outils pratiques et th\u00e9oriques aux formateurs, aux enseignants ou aux \u00e9ducateurs.&nbsp;<\/p>\n\n\n\n<p>La mise en \u00e9vidence et le partage des savoirs professionnels ainsi construits permettront de poser la question des professionnalit\u00e9s des diff\u00e9rents acteurs impliqu\u00e9s dans la scolarisation des \u00e9l\u00e8ves en situation de handicap&nbsp;pour pouvoir d\u00e9passer le stade de l\u2019implicite et de la juxtaposition des pratiques. Le travail d\u2019\u00e9lucidation des contrats sous-jacents aux pratiques, apparait alors comme une condition<em>&nbsp;sine qua non<\/em>&nbsp;pour la construction d\u2019actions conjointes, v\u00e9ritable \u00e9change de signes partag\u00e9s et \u00e9mancipateurs.&nbsp;&nbsp;<\/p>\n\n\n\n<p>Par une clarification des savoirs professionnels&nbsp;&nbsp;mis en \u0153uvre par&nbsp;&nbsp;ces&nbsp;&nbsp;diff\u00e9rents acteurs, l\u2019enjeu de ce colloque est de&nbsp;&nbsp;mettre au jour des points communs, des points d\u2019accroches tout comme des sources d\u2019obstacles et de difficult\u00e9s.&nbsp;&nbsp;Par ce travail, il s\u2019agit de&nbsp;transformer l\u2019homme \u00ab&nbsp;efficace&nbsp;\u00bb&nbsp;&nbsp;en un homme \u00ab&nbsp;capable&nbsp;\u00bb, m\u00eame s\u2019il est \u00ab&nbsp;autrement capable&nbsp;\u00bb.<\/p>\n","protected":false},"excerpt":{"rendered":"<p>S\u2019int\u00e9resser \u00e0 la question des savoirs professionnels visant des pratiques inclusives&nbsp;et \u00e9mancipatrices,&nbsp;&nbsp;c\u2019est&nbsp;&nbsp;d\u2019abord reconnaitre et questionner les \u00ab&nbsp;savoirs en actes&nbsp;\u00bb parmi la diversit\u00e9 des acteurs de l\u2019inclusion (enseignement du 1er, 2\u00e8me&nbsp;et 3\u00e8me&nbsp;degr\u00e9, Segpa, Clis, Ulis, MDPH, enseignement sp\u00e9cialis\u00e9, Education sp\u00e9cialis\u00e9e, parents, acteurs \u00e0 la premi\u00e8re personne\u2026). C\u2019est aussi interroger les repr\u00e9sentations respectives, celles qu\u2019on se fait des possibilit\u00e9s d\u2019action des personnes&nbsp;: qui est l\u2019homme capable&nbsp;?&nbsp; Certes,&nbsp;il existe d\u00e9j\u00e0 des collaborations entre&nbsp;&nbsp;diff\u00e9rents acteurs des institutions m\u00e9dico-sociales et scolaires et les uns et&#8230;<\/p>\n<p class=\"read-more\"><a class=\"btn btn-default\" href=\"https:\/\/www.ophris.fr\/?page_id=102\">Lire la suite<span class=\"screen-reader-text\"> Lire la suite<\/span><\/a><\/p>\n","protected":false},"author":1,"featured_media":0,"parent":0,"menu_order":0,"comment_status":"closed","ping_status":"closed","template":"","meta":{"footnotes":""},"class_list":["post-102","page","type-page","status-publish","hentry"],"_links":{"self":[{"href":"https:\/\/www.ophris.fr\/index.php?rest_route=\/wp\/v2\/pages\/102","targetHints":{"allow":["GET"]}}],"collection":[{"href":"https:\/\/www.ophris.fr\/index.php?rest_route=\/wp\/v2\/pages"}],"about":[{"href":"https:\/\/www.ophris.fr\/index.php?rest_route=\/wp\/v2\/types\/page"}],"author":[{"embeddable":true,"href":"https:\/\/www.ophris.fr\/index.php?rest_route=\/wp\/v2\/users\/1"}],"replies":[{"embeddable":true,"href":"https:\/\/www.ophris.fr\/index.php?rest_route=%2Fwp%2Fv2%2Fcomments&post=102"}],"version-history":[{"count":1,"href":"https:\/\/www.ophris.fr\/index.php?rest_route=\/wp\/v2\/pages\/102\/revisions"}],"predecessor-version":[{"id":104,"href":"https:\/\/www.ophris.fr\/index.php?rest_route=\/wp\/v2\/pages\/102\/revisions\/104"}],"wp:attachment":[{"href":"https:\/\/www.ophris.fr\/index.php?rest_route=%2Fwp%2Fv2%2Fmedia&parent=102"}],"curies":[{"name":"wp","href":"https:\/\/api.w.org\/{rel}","templated":true}]}}