{"id":20,"date":"2019-12-08T20:10:34","date_gmt":"2019-12-08T20:10:34","guid":{"rendered":"https:\/\/www.ophris.fr\/?page_id=20"},"modified":"2023-03-07T16:14:03","modified_gmt":"2023-03-07T16:14:03","slug":"lobservatoire","status":"publish","type":"page","link":"https:\/\/www.ophris.fr\/?page_id=20","title":{"rendered":"L&rsquo;observatoire"},"content":{"rendered":"\n<p>La loi de f\u00e9vrier 2005 pour l\u2019\u00e9galit\u00e9 des&nbsp; droits et des chances, la participation et la citoyennet\u00e9 des personnes handicap\u00e9es en France a \u00e9tabli, au-del\u00e0 de l\u2019obligation \u00e9ducative, le droit des \u00e9l\u00e8ves handicap\u00e9s \u00e0 la scolarisation. L\u2019accessibilit\u00e9 au savoir, \u00e0 la connaissance et le droit \u00e0 compensation font partie des principes de cette loi. Cette politique correspond \u00e0 un mouvement international de l\u2019\u00e9ducation pour tous.<\/p>\n\n\n\n<p>OPHRIS s\u2019inscrit dans le contexte de cette politique \u00e9ducative visant \u00e0 mettre en oeuvre le droit \u00e0 la scolarisation pour les \u00e9l\u00e8ves en situation de handicap. Il consiste \u00e0 mettre en synergie des \u00e9quipes de recherche travaillant sur ce th\u00e8me. Par une approche interdisciplinaire, OPHRIS associe diff\u00e9rents&nbsp; types&nbsp; de &nbsp;comp\u00e9tences&nbsp; :&nbsp; didacticiens,&nbsp; linguistes,&nbsp; psychologues,&nbsp; sociologues, chercheurs&nbsp; en&nbsp; science&nbsp; de&nbsp; l\u2019\u00e9ducation,&nbsp; professionnels&nbsp; de&nbsp; l\u2019enseignement, du&nbsp; secteur m\u00e9dico-social, de la sant\u00e9 et des associations de parents. Le choix de d\u00e9velopper un r\u00e9seau tient notamment \u00e0 la complexit\u00e9 de l\u2019objet de recherche qui conduit notamment \u00e0 s\u2019int\u00e9resser \u00e0 la fois \u00e0 l\u2019identification des difficult\u00e9s d\u2019apprentissage de ces \u00e9l\u00e8ves, \u00e0&nbsp; leurs besoins \u00e9ducatifs particuliers, et aux pratiques de scolarisation existant ou \u00e0 construire sur le plan didactique, p\u00e9dagogique et institutionnel. En organisant des occasions d\u2019\u00e9changes, OPHRIS vise \u00e0 stimuler la r\u00e9flexion par la mise en regard d\u2019approches diverses sur le plan conceptuel et m\u00e9thodologique ainsi qu\u2019\u00e0 contribuer \u00e0 la diffusion des travaux men\u00e9s sur le handicap \u00e0 l\u2019\u00e9cole.<\/p>\n\n\n\n<p>OPHRIS se place dans une perspective multidimensionnelle et transdisciplinaire pour aborder les processus de scolarisation des \u00e9l\u00e8ves&nbsp; handicap\u00e9s du point de vue des pratiques scolaires et d\u00e9veloppe trois axes de travail :<\/p>\n\n\n\n<ul class=\"wp-block-list\"><li>l\u2019axe de l\u2019\u00e9l\u00e8ve par l\u2019\u00e9laboration des&nbsp; projets&nbsp; personnels&nbsp; de scolarisation, d\u2019outils d\u2019aide au diagnostic et d\u2019\u00e9valuation d\u2019outils existants ;<\/li><li>l\u2019axe des pratiques&nbsp; par&nbsp; l\u2019observation&nbsp; et&nbsp; l\u2019analyse&nbsp; des&nbsp; pratiques&nbsp; existantes,&nbsp; par l\u2019\u00e9laboration conjointe de situations d\u2019enseignement et d\u2019apprentissage ;<\/li><li>l\u2019axe de la formation par la diffusion des \u00e9l\u00e9ments de recherche dans la formation initiale et continue des enseignants.<\/li><\/ul>\n\n\n\n<p>Ainsi, c\u2019est dans ce contexte de volont\u00e9 politique de mutation du syst\u00e8me \u00e9ducatif, que le r\u00e9seau OPHRIS (Observatoire de Pratiques sur le Handicap : Recherche et Intervention Scolaire) a \u00e9t\u00e9 cr\u00e9\u00e9 en 2008 par des chercheurs de trois institutions&nbsp;: l\u2019universit\u00e9 d\u2019Aix-Marseille, l\u2019INSHEA \u00e0 Suresnes et l\u2019INRP (actuellement IFE) \u00e0 Lyon. Ce r\u00e9seau s\u2019est \u00e9largi \u00e0 d\u2019autres chercheurs d\u2019autres institutions en France et \u00e0 l\u2019\u00e9tranger. Depuis, sept colloques et plus d\u2019une dizaine de journ\u00e9es d\u2019\u00e9tude ont \u00e9t\u00e9 organis\u00e9s (Lyon, Aix, Nantes, Nancy, Bordeaux, Suresnes), et plusieurs ouvrages et num\u00e9ros de revue ont \u00e9t\u00e9 publi\u00e9s.<\/p>\n","protected":false},"excerpt":{"rendered":"<p>La loi de f\u00e9vrier 2005 pour l\u2019\u00e9galit\u00e9 des&nbsp; droits et des chances, la participation et la citoyennet\u00e9 des personnes handicap\u00e9es en France a \u00e9tabli, au-del\u00e0 de l\u2019obligation \u00e9ducative, le droit des \u00e9l\u00e8ves handicap\u00e9s \u00e0 la scolarisation. L\u2019accessibilit\u00e9 au savoir, \u00e0 la connaissance et le droit \u00e0 compensation font partie des principes de cette loi. Cette politique correspond \u00e0 un mouvement international de l\u2019\u00e9ducation pour tous. OPHRIS s\u2019inscrit dans le contexte de cette politique \u00e9ducative visant \u00e0 mettre en oeuvre le&#8230;<\/p>\n<p class=\"read-more\"><a class=\"btn btn-default\" href=\"https:\/\/www.ophris.fr\/?page_id=20\">Lire la suite<span class=\"screen-reader-text\"> Lire la suite<\/span><\/a><\/p>\n","protected":false},"author":1,"featured_media":0,"parent":0,"menu_order":0,"comment_status":"closed","ping_status":"closed","template":"","meta":{"footnotes":""},"class_list":["post-20","page","type-page","status-publish","hentry"],"_links":{"self":[{"href":"https:\/\/www.ophris.fr\/index.php?rest_route=\/wp\/v2\/pages\/20","targetHints":{"allow":["GET"]}}],"collection":[{"href":"https:\/\/www.ophris.fr\/index.php?rest_route=\/wp\/v2\/pages"}],"about":[{"href":"https:\/\/www.ophris.fr\/index.php?rest_route=\/wp\/v2\/types\/page"}],"author":[{"embeddable":true,"href":"https:\/\/www.ophris.fr\/index.php?rest_route=\/wp\/v2\/users\/1"}],"replies":[{"embeddable":true,"href":"https:\/\/www.ophris.fr\/index.php?rest_route=%2Fwp%2Fv2%2Fcomments&post=20"}],"version-history":[{"count":3,"href":"https:\/\/www.ophris.fr\/index.php?rest_route=\/wp\/v2\/pages\/20\/revisions"}],"predecessor-version":[{"id":308,"href":"https:\/\/www.ophris.fr\/index.php?rest_route=\/wp\/v2\/pages\/20\/revisions\/308"}],"wp:attachment":[{"href":"https:\/\/www.ophris.fr\/index.php?rest_route=%2Fwp%2Fv2%2Fmedia&parent=20"}],"curies":[{"name":"wp","href":"https:\/\/api.w.org\/{rel}","templated":true}]}}