{"id":253,"date":"2022-10-16T20:10:02","date_gmt":"2022-10-16T20:10:02","guid":{"rendered":"https:\/\/www.ophris.fr\/?page_id=253"},"modified":"2025-01-29T10:23:11","modified_gmt":"2025-01-29T10:23:11","slug":"2022-nancy","status":"publish","type":"page","link":"https:\/\/www.ophris.fr\/?page_id=253","title":{"rendered":"2022 &#8211; Nancy"},"content":{"rendered":"\n<p><strong>X\u00e8me COLLOQUE INTERNATIONAL DE L<\/strong><strong>\u2019<\/strong><strong>OPHRIS, NANCY 2022<\/strong><\/p>\n\n\n\n<p><strong>FORMATION AUX PRATIQUES INCLUSIVES : TENSION(S) ENTRE REPRODUCTION ET INNOVATION<br><\/strong>Les 8 et 9 juin 2022, \u00e0 Nancy<\/p>\n\n\n\n<p>Des capsules vid\u00e9o sur la page Canal-U de l&rsquo;INSEI : <a href=\"https:\/\/www.canal-u.tv\/chaines\/inshea\/colloque-international-de-l-ophris-nancy-2022\">https:\/\/www.canal-u.tv\/chaines\/inshea\/colloque-international-de-l-ophris-nancy-2022<\/a><\/p>\n\n\n\n<figure class=\"wp-block-gallery has-nested-images columns-2 is-cropped wp-block-gallery-1 is-layout-flex wp-block-gallery-is-layout-flex\">\n<figure class=\"wp-block-image size-large\"><a href=\"https:\/\/www.ophris.fr\/?attachment_id=254\"><img loading=\"lazy\" decoding=\"async\" width=\"1024\" height=\"768\" data-id=\"254\" src=\"https:\/\/www.ophris.fr\/wp-content\/uploads\/2022\/10\/IMG_6039-1024x768.jpg\" alt=\"\" class=\"wp-image-254\" srcset=\"https:\/\/www.ophris.fr\/wp-content\/uploads\/2022\/10\/IMG_6039-1024x768.jpg 1024w, https:\/\/www.ophris.fr\/wp-content\/uploads\/2022\/10\/IMG_6039-300x225.jpg 300w, https:\/\/www.ophris.fr\/wp-content\/uploads\/2022\/10\/IMG_6039-768x576.jpg 768w, https:\/\/www.ophris.fr\/wp-content\/uploads\/2022\/10\/IMG_6039-360x270.jpg 360w, https:\/\/www.ophris.fr\/wp-content\/uploads\/2022\/10\/IMG_6039.jpg 1280w\" sizes=\"auto, (max-width: 1024px) 100vw, 1024px\" \/><\/a><\/figure>\n\n\n\n<figure class=\"wp-block-image size-large\"><a href=\"https:\/\/www.ophris.fr\/?attachment_id=255\"><img loading=\"lazy\" decoding=\"async\" width=\"1024\" height=\"768\" data-id=\"255\" src=\"https:\/\/www.ophris.fr\/wp-content\/uploads\/2022\/10\/IMG_6040-1024x768.jpg\" alt=\"\" class=\"wp-image-255\" srcset=\"https:\/\/www.ophris.fr\/wp-content\/uploads\/2022\/10\/IMG_6040-1024x768.jpg 1024w, https:\/\/www.ophris.fr\/wp-content\/uploads\/2022\/10\/IMG_6040-300x225.jpg 300w, https:\/\/www.ophris.fr\/wp-content\/uploads\/2022\/10\/IMG_6040-768x576.jpg 768w, https:\/\/www.ophris.fr\/wp-content\/uploads\/2022\/10\/IMG_6040-360x270.jpg 360w, https:\/\/www.ophris.fr\/wp-content\/uploads\/2022\/10\/IMG_6040.jpg 1280w\" sizes=\"auto, (max-width: 1024px) 100vw, 1024px\" \/><\/a><\/figure>\n\n\n\n<figure class=\"wp-block-image size-large\"><a href=\"https:\/\/www.ophris.fr\/?attachment_id=256\"><img loading=\"lazy\" decoding=\"async\" width=\"1024\" height=\"768\" data-id=\"256\" src=\"https:\/\/www.ophris.fr\/wp-content\/uploads\/2022\/10\/IMG_6043-1024x768.jpg\" alt=\"\" class=\"wp-image-256\" srcset=\"https:\/\/www.ophris.fr\/wp-content\/uploads\/2022\/10\/IMG_6043-1024x768.jpg 1024w, https:\/\/www.ophris.fr\/wp-content\/uploads\/2022\/10\/IMG_6043-300x225.jpg 300w, https:\/\/www.ophris.fr\/wp-content\/uploads\/2022\/10\/IMG_6043-768x576.jpg 768w, https:\/\/www.ophris.fr\/wp-content\/uploads\/2022\/10\/IMG_6043-1536x1152.jpg 1536w, https:\/\/www.ophris.fr\/wp-content\/uploads\/2022\/10\/IMG_6043-360x270.jpg 360w, https:\/\/www.ophris.fr\/wp-content\/uploads\/2022\/10\/IMG_6043.jpg 2016w\" sizes=\"auto, (max-width: 1024px) 100vw, 1024px\" \/><\/a><\/figure>\n\n\n\n<figure class=\"wp-block-image size-large\"><a href=\"https:\/\/www.ophris.fr\/?attachment_id=257\"><img loading=\"lazy\" decoding=\"async\" width=\"1024\" height=\"768\" data-id=\"257\" src=\"https:\/\/www.ophris.fr\/wp-content\/uploads\/2022\/10\/IMG_6044-1024x768.jpg\" alt=\"\" class=\"wp-image-257\" srcset=\"https:\/\/www.ophris.fr\/wp-content\/uploads\/2022\/10\/IMG_6044-1024x768.jpg 1024w, https:\/\/www.ophris.fr\/wp-content\/uploads\/2022\/10\/IMG_6044-300x225.jpg 300w, https:\/\/www.ophris.fr\/wp-content\/uploads\/2022\/10\/IMG_6044-768x576.jpg 768w, https:\/\/www.ophris.fr\/wp-content\/uploads\/2022\/10\/IMG_6044-1536x1152.jpg 1536w, https:\/\/www.ophris.fr\/wp-content\/uploads\/2022\/10\/IMG_6044-360x270.jpg 360w, https:\/\/www.ophris.fr\/wp-content\/uploads\/2022\/10\/IMG_6044.jpg 2016w\" sizes=\"auto, (max-width: 1024px) 100vw, 1024px\" \/><\/a><\/figure>\n\n\n\n<figure class=\"wp-block-image size-large\"><a href=\"https:\/\/www.ophris.fr\/?attachment_id=258\"><img loading=\"lazy\" decoding=\"async\" width=\"1024\" height=\"768\" data-id=\"258\" src=\"https:\/\/www.ophris.fr\/wp-content\/uploads\/2022\/10\/IMG_6045-1024x768.jpg\" alt=\"\" class=\"wp-image-258\" srcset=\"https:\/\/www.ophris.fr\/wp-content\/uploads\/2022\/10\/IMG_6045-1024x768.jpg 1024w, https:\/\/www.ophris.fr\/wp-content\/uploads\/2022\/10\/IMG_6045-300x225.jpg 300w, https:\/\/www.ophris.fr\/wp-content\/uploads\/2022\/10\/IMG_6045-768x576.jpg 768w, https:\/\/www.ophris.fr\/wp-content\/uploads\/2022\/10\/IMG_6045-1536x1152.jpg 1536w, https:\/\/www.ophris.fr\/wp-content\/uploads\/2022\/10\/IMG_6045-360x270.jpg 360w, https:\/\/www.ophris.fr\/wp-content\/uploads\/2022\/10\/IMG_6045.jpg 2016w\" sizes=\"auto, (max-width: 1024px) 100vw, 1024px\" \/><\/a><\/figure>\n\n\n\n<figure class=\"wp-block-image size-large\"><a href=\"https:\/\/www.ophris.fr\/?attachment_id=259\"><img loading=\"lazy\" decoding=\"async\" width=\"1024\" height=\"768\" data-id=\"259\" src=\"https:\/\/www.ophris.fr\/wp-content\/uploads\/2022\/10\/IMG_0914-2-1024x768.jpg\" alt=\"\" class=\"wp-image-259\" srcset=\"https:\/\/www.ophris.fr\/wp-content\/uploads\/2022\/10\/IMG_0914-2-1024x768.jpg 1024w, https:\/\/www.ophris.fr\/wp-content\/uploads\/2022\/10\/IMG_0914-2-300x225.jpg 300w, https:\/\/www.ophris.fr\/wp-content\/uploads\/2022\/10\/IMG_0914-2-768x576.jpg 768w, https:\/\/www.ophris.fr\/wp-content\/uploads\/2022\/10\/IMG_0914-2-1536x1152.jpg 1536w, https:\/\/www.ophris.fr\/wp-content\/uploads\/2022\/10\/IMG_0914-2-2048x1536.jpg 2048w, https:\/\/www.ophris.fr\/wp-content\/uploads\/2022\/10\/IMG_0914-2-360x270.jpg 360w\" sizes=\"auto, (max-width: 1024px) 100vw, 1024px\" \/><\/a><\/figure>\n\n\n\n<figure class=\"wp-block-image size-large\"><a href=\"https:\/\/www.ophris.fr\/?attachment_id=260\"><img loading=\"lazy\" decoding=\"async\" width=\"1024\" height=\"768\" data-id=\"260\" src=\"https:\/\/www.ophris.fr\/wp-content\/uploads\/2022\/10\/IMG_0915-3-1024x768.jpg\" alt=\"\" class=\"wp-image-260\" srcset=\"https:\/\/www.ophris.fr\/wp-content\/uploads\/2022\/10\/IMG_0915-3-1024x768.jpg 1024w, https:\/\/www.ophris.fr\/wp-content\/uploads\/2022\/10\/IMG_0915-3-300x225.jpg 300w, https:\/\/www.ophris.fr\/wp-content\/uploads\/2022\/10\/IMG_0915-3-768x576.jpg 768w, https:\/\/www.ophris.fr\/wp-content\/uploads\/2022\/10\/IMG_0915-3-1536x1152.jpg 1536w, https:\/\/www.ophris.fr\/wp-content\/uploads\/2022\/10\/IMG_0915-3-2048x1536.jpg 2048w, https:\/\/www.ophris.fr\/wp-content\/uploads\/2022\/10\/IMG_0915-3-360x270.jpg 360w\" sizes=\"auto, (max-width: 1024px) 100vw, 1024px\" \/><\/a><\/figure>\n\n\n\n<figure class=\"wp-block-image size-large\"><a href=\"https:\/\/www.ophris.fr\/?attachment_id=261\"><img loading=\"lazy\" decoding=\"async\" width=\"1024\" height=\"768\" data-id=\"261\" src=\"https:\/\/www.ophris.fr\/wp-content\/uploads\/2022\/10\/IMG_0916-3-1024x768.jpg\" alt=\"\" class=\"wp-image-261\" srcset=\"https:\/\/www.ophris.fr\/wp-content\/uploads\/2022\/10\/IMG_0916-3-1024x768.jpg 1024w, https:\/\/www.ophris.fr\/wp-content\/uploads\/2022\/10\/IMG_0916-3-300x225.jpg 300w, https:\/\/www.ophris.fr\/wp-content\/uploads\/2022\/10\/IMG_0916-3-768x576.jpg 768w, https:\/\/www.ophris.fr\/wp-content\/uploads\/2022\/10\/IMG_0916-3-1536x1152.jpg 1536w, https:\/\/www.ophris.fr\/wp-content\/uploads\/2022\/10\/IMG_0916-3-2048x1536.jpg 2048w, https:\/\/www.ophris.fr\/wp-content\/uploads\/2022\/10\/IMG_0916-3-360x270.jpg 360w\" sizes=\"auto, (max-width: 1024px) 100vw, 1024px\" \/><\/a><\/figure>\n\n\n\n<figure class=\"wp-block-image size-large\"><a href=\"https:\/\/www.ophris.fr\/?attachment_id=262\"><img loading=\"lazy\" decoding=\"async\" width=\"1024\" height=\"768\" data-id=\"262\" src=\"https:\/\/www.ophris.fr\/wp-content\/uploads\/2022\/10\/IMG_0917-2-1024x768.jpg\" alt=\"\" class=\"wp-image-262\" srcset=\"https:\/\/www.ophris.fr\/wp-content\/uploads\/2022\/10\/IMG_0917-2-1024x768.jpg 1024w, https:\/\/www.ophris.fr\/wp-content\/uploads\/2022\/10\/IMG_0917-2-300x225.jpg 300w, https:\/\/www.ophris.fr\/wp-content\/uploads\/2022\/10\/IMG_0917-2-768x576.jpg 768w, https:\/\/www.ophris.fr\/wp-content\/uploads\/2022\/10\/IMG_0917-2-1536x1152.jpg 1536w, https:\/\/www.ophris.fr\/wp-content\/uploads\/2022\/10\/IMG_0917-2-2048x1536.jpg 2048w, https:\/\/www.ophris.fr\/wp-content\/uploads\/2022\/10\/IMG_0917-2-360x270.jpg 360w\" sizes=\"auto, (max-width: 1024px) 100vw, 1024px\" \/><\/a><\/figure>\n\n\n\n<figure class=\"wp-block-image size-large\"><a href=\"https:\/\/www.ophris.fr\/?attachment_id=263\"><img loading=\"lazy\" decoding=\"async\" width=\"1024\" height=\"768\" data-id=\"263\" src=\"https:\/\/www.ophris.fr\/wp-content\/uploads\/2022\/10\/IMG_0918-3-1024x768.jpg\" alt=\"\" class=\"wp-image-263\" srcset=\"https:\/\/www.ophris.fr\/wp-content\/uploads\/2022\/10\/IMG_0918-3-1024x768.jpg 1024w, https:\/\/www.ophris.fr\/wp-content\/uploads\/2022\/10\/IMG_0918-3-300x225.jpg 300w, https:\/\/www.ophris.fr\/wp-content\/uploads\/2022\/10\/IMG_0918-3-768x576.jpg 768w, https:\/\/www.ophris.fr\/wp-content\/uploads\/2022\/10\/IMG_0918-3-1536x1152.jpg 1536w, https:\/\/www.ophris.fr\/wp-content\/uploads\/2022\/10\/IMG_0918-3-2048x1536.jpg 2048w, https:\/\/www.ophris.fr\/wp-content\/uploads\/2022\/10\/IMG_0918-3-360x270.jpg 360w\" sizes=\"auto, (max-width: 1024px) 100vw, 1024px\" \/><\/a><\/figure>\n\n\n\n<figure class=\"wp-block-image size-large\"><a href=\"https:\/\/www.ophris.fr\/?attachment_id=264\"><img loading=\"lazy\" decoding=\"async\" width=\"1024\" height=\"768\" data-id=\"264\" src=\"https:\/\/www.ophris.fr\/wp-content\/uploads\/2022\/10\/IMG_0919-2-1024x768.jpg\" alt=\"\" class=\"wp-image-264\" srcset=\"https:\/\/www.ophris.fr\/wp-content\/uploads\/2022\/10\/IMG_0919-2-1024x768.jpg 1024w, https:\/\/www.ophris.fr\/wp-content\/uploads\/2022\/10\/IMG_0919-2-300x225.jpg 300w, https:\/\/www.ophris.fr\/wp-content\/uploads\/2022\/10\/IMG_0919-2-768x576.jpg 768w, https:\/\/www.ophris.fr\/wp-content\/uploads\/2022\/10\/IMG_0919-2-1536x1152.jpg 1536w, https:\/\/www.ophris.fr\/wp-content\/uploads\/2022\/10\/IMG_0919-2-2048x1536.jpg 2048w, https:\/\/www.ophris.fr\/wp-content\/uploads\/2022\/10\/IMG_0919-2-360x270.jpg 360w\" sizes=\"auto, (max-width: 1024px) 100vw, 1024px\" \/><\/a><\/figure>\n\n\n\n<figure class=\"wp-block-image size-large\"><a href=\"https:\/\/www.ophris.fr\/?attachment_id=265\"><img loading=\"lazy\" decoding=\"async\" width=\"1024\" height=\"768\" data-id=\"265\" src=\"https:\/\/www.ophris.fr\/wp-content\/uploads\/2022\/10\/IMG_0920-2-1024x768.jpg\" alt=\"\" class=\"wp-image-265\" srcset=\"https:\/\/www.ophris.fr\/wp-content\/uploads\/2022\/10\/IMG_0920-2-1024x768.jpg 1024w, https:\/\/www.ophris.fr\/wp-content\/uploads\/2022\/10\/IMG_0920-2-300x225.jpg 300w, https:\/\/www.ophris.fr\/wp-content\/uploads\/2022\/10\/IMG_0920-2-768x576.jpg 768w, https:\/\/www.ophris.fr\/wp-content\/uploads\/2022\/10\/IMG_0920-2-1536x1152.jpg 1536w, https:\/\/www.ophris.fr\/wp-content\/uploads\/2022\/10\/IMG_0920-2-2048x1536.jpg 2048w, https:\/\/www.ophris.fr\/wp-content\/uploads\/2022\/10\/IMG_0920-2-360x270.jpg 360w\" sizes=\"auto, (max-width: 1024px) 100vw, 1024px\" \/><\/a><\/figure>\n\n\n\n<figure class=\"wp-block-image size-large\"><a href=\"https:\/\/www.ophris.fr\/?attachment_id=266\"><img loading=\"lazy\" decoding=\"async\" width=\"1024\" height=\"768\" data-id=\"266\" src=\"https:\/\/www.ophris.fr\/wp-content\/uploads\/2022\/10\/IMG_0921-3-1024x768.jpg\" alt=\"\" class=\"wp-image-266\" srcset=\"https:\/\/www.ophris.fr\/wp-content\/uploads\/2022\/10\/IMG_0921-3-1024x768.jpg 1024w, https:\/\/www.ophris.fr\/wp-content\/uploads\/2022\/10\/IMG_0921-3-300x225.jpg 300w, https:\/\/www.ophris.fr\/wp-content\/uploads\/2022\/10\/IMG_0921-3-768x576.jpg 768w, https:\/\/www.ophris.fr\/wp-content\/uploads\/2022\/10\/IMG_0921-3-1536x1152.jpg 1536w, https:\/\/www.ophris.fr\/wp-content\/uploads\/2022\/10\/IMG_0921-3-2048x1536.jpg 2048w, https:\/\/www.ophris.fr\/wp-content\/uploads\/2022\/10\/IMG_0921-3-360x270.jpg 360w\" sizes=\"auto, (max-width: 1024px) 100vw, 1024px\" \/><\/a><\/figure>\n\n\n\n<figure class=\"wp-block-image size-large\"><a href=\"https:\/\/www.ophris.fr\/?attachment_id=268\"><img loading=\"lazy\" decoding=\"async\" width=\"1024\" height=\"768\" data-id=\"268\" src=\"https:\/\/www.ophris.fr\/wp-content\/uploads\/2022\/10\/IMG_0922-2-1024x768.jpg\" alt=\"\" class=\"wp-image-268\" srcset=\"https:\/\/www.ophris.fr\/wp-content\/uploads\/2022\/10\/IMG_0922-2-1024x768.jpg 1024w, https:\/\/www.ophris.fr\/wp-content\/uploads\/2022\/10\/IMG_0922-2-300x225.jpg 300w, https:\/\/www.ophris.fr\/wp-content\/uploads\/2022\/10\/IMG_0922-2-768x576.jpg 768w, https:\/\/www.ophris.fr\/wp-content\/uploads\/2022\/10\/IMG_0922-2-1536x1152.jpg 1536w, https:\/\/www.ophris.fr\/wp-content\/uploads\/2022\/10\/IMG_0922-2-2048x1536.jpg 2048w, https:\/\/www.ophris.fr\/wp-content\/uploads\/2022\/10\/IMG_0922-2-360x270.jpg 360w\" sizes=\"auto, (max-width: 1024px) 100vw, 1024px\" \/><\/a><\/figure>\n\n\n\n<figure class=\"wp-block-image size-large\"><a href=\"https:\/\/www.ophris.fr\/?attachment_id=269\"><img loading=\"lazy\" decoding=\"async\" width=\"1024\" height=\"768\" data-id=\"269\" src=\"https:\/\/www.ophris.fr\/wp-content\/uploads\/2022\/10\/IMG_0923-2-1024x768.jpg\" alt=\"\" class=\"wp-image-269\" srcset=\"https:\/\/www.ophris.fr\/wp-content\/uploads\/2022\/10\/IMG_0923-2-1024x768.jpg 1024w, https:\/\/www.ophris.fr\/wp-content\/uploads\/2022\/10\/IMG_0923-2-300x225.jpg 300w, https:\/\/www.ophris.fr\/wp-content\/uploads\/2022\/10\/IMG_0923-2-768x576.jpg 768w, https:\/\/www.ophris.fr\/wp-content\/uploads\/2022\/10\/IMG_0923-2-1536x1152.jpg 1536w, https:\/\/www.ophris.fr\/wp-content\/uploads\/2022\/10\/IMG_0923-2-2048x1536.jpg 2048w, https:\/\/www.ophris.fr\/wp-content\/uploads\/2022\/10\/IMG_0923-2-360x270.jpg 360w\" sizes=\"auto, (max-width: 1024px) 100vw, 1024px\" \/><\/a><\/figure>\n\n\n\n<figure class=\"wp-block-image size-large\"><a href=\"https:\/\/www.ophris.fr\/?attachment_id=270\"><img loading=\"lazy\" decoding=\"async\" width=\"1024\" height=\"768\" data-id=\"270\" src=\"https:\/\/www.ophris.fr\/wp-content\/uploads\/2022\/10\/IMG_0924-3-1024x768.jpg\" alt=\"\" class=\"wp-image-270\" srcset=\"https:\/\/www.ophris.fr\/wp-content\/uploads\/2022\/10\/IMG_0924-3-1024x768.jpg 1024w, https:\/\/www.ophris.fr\/wp-content\/uploads\/2022\/10\/IMG_0924-3-300x225.jpg 300w, https:\/\/www.ophris.fr\/wp-content\/uploads\/2022\/10\/IMG_0924-3-768x576.jpg 768w, https:\/\/www.ophris.fr\/wp-content\/uploads\/2022\/10\/IMG_0924-3-1536x1152.jpg 1536w, https:\/\/www.ophris.fr\/wp-content\/uploads\/2022\/10\/IMG_0924-3-2048x1536.jpg 2048w, https:\/\/www.ophris.fr\/wp-content\/uploads\/2022\/10\/IMG_0924-3-360x270.jpg 360w\" sizes=\"auto, (max-width: 1024px) 100vw, 1024px\" \/><\/a><\/figure>\n\n\n\n<figure class=\"wp-block-image size-large\"><a href=\"https:\/\/www.ophris.fr\/?attachment_id=271\"><img loading=\"lazy\" decoding=\"async\" width=\"1024\" height=\"768\" data-id=\"271\" src=\"https:\/\/www.ophris.fr\/wp-content\/uploads\/2022\/10\/IMG_0925-2-1024x768.jpg\" alt=\"\" class=\"wp-image-271\" srcset=\"https:\/\/www.ophris.fr\/wp-content\/uploads\/2022\/10\/IMG_0925-2-1024x768.jpg 1024w, https:\/\/www.ophris.fr\/wp-content\/uploads\/2022\/10\/IMG_0925-2-300x225.jpg 300w, https:\/\/www.ophris.fr\/wp-content\/uploads\/2022\/10\/IMG_0925-2-768x576.jpg 768w, https:\/\/www.ophris.fr\/wp-content\/uploads\/2022\/10\/IMG_0925-2-1536x1152.jpg 1536w, https:\/\/www.ophris.fr\/wp-content\/uploads\/2022\/10\/IMG_0925-2-2048x1536.jpg 2048w, https:\/\/www.ophris.fr\/wp-content\/uploads\/2022\/10\/IMG_0925-2-360x270.jpg 360w\" sizes=\"auto, (max-width: 1024px) 100vw, 1024px\" \/><\/a><\/figure>\n\n\n\n<figure class=\"wp-block-image size-large\"><a href=\"https:\/\/www.ophris.fr\/?attachment_id=272\"><img loading=\"lazy\" decoding=\"async\" width=\"1024\" height=\"768\" data-id=\"272\" src=\"https:\/\/www.ophris.fr\/wp-content\/uploads\/2022\/10\/IMG_0926-2-1024x768.jpg\" alt=\"\" class=\"wp-image-272\" srcset=\"https:\/\/www.ophris.fr\/wp-content\/uploads\/2022\/10\/IMG_0926-2-1024x768.jpg 1024w, https:\/\/www.ophris.fr\/wp-content\/uploads\/2022\/10\/IMG_0926-2-300x225.jpg 300w, https:\/\/www.ophris.fr\/wp-content\/uploads\/2022\/10\/IMG_0926-2-768x576.jpg 768w, https:\/\/www.ophris.fr\/wp-content\/uploads\/2022\/10\/IMG_0926-2-1536x1152.jpg 1536w, https:\/\/www.ophris.fr\/wp-content\/uploads\/2022\/10\/IMG_0926-2-2048x1536.jpg 2048w, https:\/\/www.ophris.fr\/wp-content\/uploads\/2022\/10\/IMG_0926-2-360x270.jpg 360w\" sizes=\"auto, (max-width: 1024px) 100vw, 1024px\" \/><\/a><\/figure>\n<\/figure>\n\n\n\n<p><strong>TEXTE DE CADRAGE<\/strong><\/p>\n\n\n\n<p>Penser la formation des \u00e9ducateurs, des enseignants, des formateurs ou encore des chercheurs&nbsp;sous le prisme de l\u2019\u00e9ducation inclusive est une dimension des plus attendues par les politiques&nbsp;publiques en France, mais qui n&rsquo;en demeure pas moins r\u00e9cente et in\u00e9dite. R\u00e9cente, car elle se&nbsp;d\u00e9couvre \u00e0 l\u2019aune d\u2019une demande fonctionnelle qui, \u00e0 partir des ann\u00e9es 2005 vise \u00e0 rendre possible l\u2019acc\u00e8s au syst\u00e8me \u00e9ducatif ordinaire pour les \u00e9l\u00e8ves handicap\u00e9s, du primaire \u00e0 l\u2019universit\u00e9. In\u00e9dite, car cette demande d\u00e9passe m\u00eame les fronti\u00e8res du syst\u00e8me \u00e9ducatif stricto&nbsp;sensu et concerne d\u00e9sormais et de droit celles des professionnels de l\u2019enfance, du social, de la&nbsp;sant\u00e9 tout comme celles de la sph\u00e8re priv\u00e9e des parents. Elle se d\u00e9couvre alors comme un \u00ab d\u00e9fi \u00bb (Ebersold et Detraux, 2003 ; Plaisance, 2006 ; Benoit, 2008), avec une scolarit\u00e9 pour ces&nbsp;publics qui reste d\u2019ailleurs particuli\u00e8rement heurt\u00e9e dans un environnement \u00e9ducatif in\u00e9galitaire (Suau, 2016), jusqu\u2019au c\u0153ur m\u00eame de l\u2019activit\u00e9 d\u2019apprentissage des \u00e9l\u00e8ves BEP (Pelgrims, 2010 ; 2016 ; Assude, Perez, Suau et Tambone, 2018), et n&rsquo;a pas encore permis pas encore,&nbsp;d\u2019impulser un changement de la forme scolaire et de normativit\u00e9 (Perez, 2018).<\/p>\n\n\n\n<p>C\u2019est dans ce contexte, que les formations \u00e0 l\u2019\u00e9ducation inclusive se d\u00e9veloppent. Elles sont&nbsp;d\u2019ailleurs encourag\u00e9es par des modalit\u00e9s de travail alliant recherche et formation (Ebersold,&nbsp;Plaisance et Zander, 2016), tout comme par des approches collaboratives de la formation, entendues de fa\u00e7on g\u00e9n\u00e9rale comme \u00ab des recherches et des formations dans lesquelles il y a une action d\u00e9lib\u00e9r\u00e9e de transformation du quotidien (Hugon et Seibel, 1988, p.13). Cette orientation singularise une formation aux pratiques inclusives, qui est souvent per\u00e7ue comme partag\u00e9e (Piot, Marcel et Tardif, 2007), engendrant des modes de co-construction des savoirs et des comp\u00e9tences, une formation invitant les acteurs formateurs-chercheurs-enseignants \u00e0&nbsp;comprendre, identifier, planifier ensemble et \u00e0 mettre en \u0153uvre des situations de travailproduites collectivement.<\/p>\n\n\n\n<p>Mais si ce type de formation est de plus en plus valoris\u00e9 pour faire avancer une production de&nbsp;connaissances et des usages sur la question inclusive, d\u2019autres travaux mettent \u00e9galement en garde sur une illusion quant \u00e0 ses effets. Dans l\u2019ouvrage dirig\u00e9 par Pelgrims, Assude et Perez&nbsp;(2021), l\u2019enqu\u00eate men\u00e9e par Toullec-Th\u00e9ry sur son dispositif d\u2019ing\u00e9nierie coop\u00e9rative fait&nbsp;\u00e9merger de redoutables obstacles, malgr\u00e9 la mise en place d&rsquo;un \u00e9quipement prax\u00e9ologique hautement technique. Dans une autre \u00e9tude portant sur la formation des futurs enseignants&nbsp;\u00e0\u0300 l\u2019inclusion et aux plurilinguismes, Macaire et Behra (2020) mettent en \u00e9vidence dans les interrelations au sein d\u2019un groupe en formation des tensions, voire des paradoxes ou encore des&nbsp;r\u00e9gressions dans l&rsquo;appropriation des savoirs. Les chausse-trappes de la formation \u00e0 travers letravailler ensemble sont donc nombreuses et peuvent \u00eatre sources d\u2019injonctions paradoxales <\/p>\n\n\n\n<p>avec leur cort\u00e8ge de souffrances associ\u00e9es. Or, si un paradoxe ne peut \u00eatre r\u00e9duit, ne peut-il \u00eatre n\u00e9anmoins examin\u00e9 de fa\u00e7on \u00e0 permettre aux acteurs de changer de perspective ou comme&nbsp;l\u2019\u00e9crivait Bachelard de \u00ab\u00a0d\u00e9syncr\u00e9tiser ses images premi\u00e8res\u00a0\u00bb ? C\u2019est cette question qui fait l\u2019objet des interrogations de&nbsp;la dixi\u00e8me \u00e9dition du colloque international OPHRIS.<\/p>\n\n\n\n<p>Ainsi, ce colloque se donne-t-il pour objectif de mettre au travail les questions que pose&nbsp;l\u2019\u00e9ducation inclusive \u00e0 la formation. Car si toute formation a comme vis\u00e9e de produire du&nbsp;changement, dans le cas de l\u2019\u00e9ducation inclusive, comme dans d&rsquo;autres innovations, elle&nbsp;implique th\u00e9oriquement la transformation de ses propres conceptions, dispositifs, contenus, modalit\u00e9s. Or, nous assistons \u00e0 de nombreuses r\u00e9sistances du syst\u00e8me, au poids des routines prax\u00e9ologiques, exacerbant des tensions entre reproduction et innovation. Reproduction car toute formation suppose de susciter le d\u00e9veloppement de savoirs et savoir-faire, lesquels peuvent cependant s&rsquo;ancrer plus ou moins dans une vis\u00e9e inclusive. Innovation car toute formation interroge \u00e0 travers les limites du syst\u00e8me actuel, les conditions, les petits pas du quotidien, les r\u00e9flexions qui rendent possible un d\u00e9passement des probl\u00e8mes professionnels, un&nbsp;autre possible au risque de tous les \u00e9garements. S\u2019agit-il dans ces formations de travailler en priorit\u00e9 sur les diagnostics, les troubles des \u00e9l\u00e8ves reconnus ou d\u00e9clar\u00e9s \u00e0 besoins \u00e9ducatifs&nbsp;particuliers ? S\u2019agit-il de porter attention aux institutions qui leur assignent leurs objectifs et dans lesquelles ces formations s\u2019inscrivent ? Ou encore, s\u2019agit-il de se placer dans une approche interrogeant prioritairement les conditions d&rsquo;\u00e9mergence de l&rsquo;accessibilit\u00e9 \u00e0 tout pour tous ? Entreprendre de r\u00e9pondre \u00e0 ces questions conduit \u00e0 en poser une nouvelle, \u00e0 propos des fa\u00e7ons dont l&rsquo;\u00e9ducation inclusive est pens\u00e9e ou impens\u00e9e par tous les acteurs (Barry, 2021), qu&rsquo;ils soient destinataires ou destinateurs de la formation.<\/p>\n\n\n\n<p>Former, c\u2019est ce qui permet d\u2019identifier et de reproduire certes, mais c\u2019est aussi ce qui permet d\u2019innover dans des institutions qui favorisent ou qui font obstacle \u00e0 ce projet. En s&rsquo;accordant toutes sur ce postulat, les interventions contribueront \u00e0 l&rsquo;un des trois axes th\u00e9matiques enrichissant le d\u00e9bat :<\/p>\n\n\n\n<p><strong>Axe 1 :&nbsp;<\/strong>une r\u00e9flexion th\u00e9orique centr\u00e9e sur la formation, prise dans une tension entre innovation,&nbsp;reproduction et injonction paradoxale d\u00e8s lors qu\u2019elle s\u2019int\u00e9resse aux pratiques inclusives.<\/p>\n\n\n\n<p><strong>Axe 2&nbsp;<\/strong>: une r\u00e9flexion portant sur les dispositifs et les approches de formation, sur les m\u00e9thodes de recherche faisant formation.<\/p>\n\n\n\n<p><strong>Axe 3&nbsp;<\/strong>: une r\u00e9flexion qui interroge les situations de formation sous l&rsquo;angle des acteurs, de l&rsquo;activit\u00e9 d\u00e9ploy\u00e9e, des exp\u00e9riences, des contenus et leur \u00e9laboration subjective, des r\u00e9percussions effectives sur les pratiques.<\/p>\n\n\n\n<div class=\"wp-block-file\"><a href=\"https:\/\/www.ophris.fr\/wp-content\/uploads\/2022\/10\/programme-ophris_2022.pdf\">programme-ophris_2022<\/a><a href=\"https:\/\/www.ophris.fr\/wp-content\/uploads\/2022\/10\/programme-ophris_2022.pdf\" class=\"wp-block-file__button wp-element-button\" download>T\u00e9l\u00e9charger<\/a><\/div>\n","protected":false},"excerpt":{"rendered":"<p>X\u00e8me COLLOQUE INTERNATIONAL DE L\u2019OPHRIS, NANCY 2022 FORMATION AUX PRATIQUES INCLUSIVES : TENSION(S) ENTRE REPRODUCTION ET INNOVATIONLes 8 et 9 juin 2022, \u00e0 Nancy Des capsules vid\u00e9o sur la page Canal-U de l&rsquo;INSEI : https:\/\/www.canal-u.tv\/chaines\/inshea\/colloque-international-de-l-ophris-nancy-2022 TEXTE DE CADRAGE Penser la formation des \u00e9ducateurs, des enseignants, des formateurs ou encore des chercheurs&nbsp;sous le prisme de l\u2019\u00e9ducation inclusive est une dimension des plus attendues par les politiques&nbsp;publiques en France, mais qui n&rsquo;en demeure pas moins r\u00e9cente et in\u00e9dite. R\u00e9cente, car elle se&nbsp;d\u00e9couvre&#8230;<\/p>\n<p class=\"read-more\"><a class=\"btn btn-default\" href=\"https:\/\/www.ophris.fr\/?page_id=253\">Lire la suite<span class=\"screen-reader-text\"> Lire la suite<\/span><\/a><\/p>\n","protected":false},"author":1,"featured_media":0,"parent":0,"menu_order":0,"comment_status":"closed","ping_status":"closed","template":"","meta":{"footnotes":""},"class_list":["post-253","page","type-page","status-publish","hentry"],"_links":{"self":[{"href":"https:\/\/www.ophris.fr\/index.php?rest_route=\/wp\/v2\/pages\/253","targetHints":{"allow":["GET"]}}],"collection":[{"href":"https:\/\/www.ophris.fr\/index.php?rest_route=\/wp\/v2\/pages"}],"about":[{"href":"https:\/\/www.ophris.fr\/index.php?rest_route=\/wp\/v2\/types\/page"}],"author":[{"embeddable":true,"href":"https:\/\/www.ophris.fr\/index.php?rest_route=\/wp\/v2\/users\/1"}],"replies":[{"embeddable":true,"href":"https:\/\/www.ophris.fr\/index.php?rest_route=%2Fwp%2Fv2%2Fcomments&post=253"}],"version-history":[{"count":4,"href":"https:\/\/www.ophris.fr\/index.php?rest_route=\/wp\/v2\/pages\/253\/revisions"}],"predecessor-version":[{"id":381,"href":"https:\/\/www.ophris.fr\/index.php?rest_route=\/wp\/v2\/pages\/253\/revisions\/381"}],"wp:attachment":[{"href":"https:\/\/www.ophris.fr\/index.php?rest_route=%2Fwp%2Fv2%2Fmedia&parent=253"}],"curies":[{"name":"wp","href":"https:\/\/api.w.org\/{rel}","templated":true}]}}