{"id":33,"date":"2019-12-08T20:21:08","date_gmt":"2019-12-08T20:21:08","guid":{"rendered":"https:\/\/www.ophris.fr\/?page_id=33"},"modified":"2026-04-01T20:09:29","modified_gmt":"2026-04-01T20:09:29","slug":"nous-contacter","status":"publish","type":"page","link":"https:\/\/www.ophris.fr\/?page_id=33","title":{"rendered":"Nous contacter \/ Adh\u00e9rer"},"content":{"rendered":"\n<div class=\"wp-block-file\"><a href=\"https:\/\/www.ophris.fr\/wp-content\/uploads\/2022\/06\/adhesionophris2022.pdf\">Bulletin d&rsquo;adh\u00e9sion \u00e0 OPHRIS Association <\/a><a href=\"https:\/\/www.ophris.fr\/wp-content\/uploads\/2022\/06\/adhesionophris2022.pdf\" class=\"wp-block-file__button wp-element-button\" download>T\u00e9l\u00e9charger<\/a><\/div>\n\n\n\n<p><strong>Le bureau d&rsquo;OPHRIS est compos\u00e9 de 6 membres:<\/strong><\/p>\n\n\n\n<p><em>Pr\u00e9sident:<\/em> Jean-Michel Perez. &nbsp;Universit\u00e9 de Lorraine, composante &nbsp;INSPE (<a href=\"https:\/\/web.archive.org\/web\/20180828211446\/mailto:%20jean-michel.perez@univ-lorraine.fr\">jean-michel.perez@univ-lorraine.fr<\/a>)<\/p>\n\n\n\n<p><em>Vice-pr\u00e9sidente:<\/em> Teresa Assude. Universit\u00e9 Aix Marseille, composante INSPE<\/p>\n\n\n\n<p><em>Tr\u00e9sorier:<\/em> Herv\u00e9 Benoit. INSEI CY Cergy Paris Universit\u00e9 (<a href=\"mailto:herve.benoit@insei.fr\">herve.benoit@insei.fr<\/a>) <\/p>\n\n\n\n<p><em>Secr\u00e9taire: <\/em>G\u00e9raldine Suau. Universit\u00e9 de Lorraine, composante &nbsp;INSPE (<a href=\"mailto:geraldine.suau@univ-lorraine.fr\">geraldine.suau@univ-lorraine.fr<\/a>)<\/p>\n\n\n\n<p><em>Responsable de la communication:<\/em> Patrice Bourdon. Nantes Universit\u00e9, composante INSPE (<a href=\"mailto:patrice.bourdon@univ-nantes.fr\">patrice.bourdon@univ-nantes.fr<\/a>)<\/p>\n\n\n\n<p><em>Responsable site web et num\u00e9rique:<\/em> Fr\u00e9d\u00e9ric Dupr\u00e9. INSEI CY Cergy Paris Universit\u00e9 (<a href=\"mailto:frederic.dupre@insei.fr\">frederic.dupre@insei.fr<\/a>)<\/p>\n\n\n\n<figure class=\"wp-block-gallery has-nested-images columns-default is-cropped wp-block-gallery-1 is-layout-flex wp-block-gallery-is-layout-flex\">\n<figure class=\"wp-block-image size-large\"><img loading=\"lazy\" decoding=\"async\" width=\"1024\" height=\"547\" data-id=\"580\" src=\"https:\/\/www.ophris.fr\/wp-content\/uploads\/2026\/03\/bureau_Ophris-1-1024x547.jpg\" alt=\"\" class=\"wp-image-580\" srcset=\"https:\/\/www.ophris.fr\/wp-content\/uploads\/2026\/03\/bureau_Ophris-1-1024x547.jpg 1024w, https:\/\/www.ophris.fr\/wp-content\/uploads\/2026\/03\/bureau_Ophris-1-300x160.jpg 300w, https:\/\/www.ophris.fr\/wp-content\/uploads\/2026\/03\/bureau_Ophris-1-768x410.jpg 768w, https:\/\/www.ophris.fr\/wp-content\/uploads\/2026\/03\/bureau_Ophris-1-1536x821.jpg 1536w, https:\/\/www.ophris.fr\/wp-content\/uploads\/2026\/03\/bureau_Ophris-1-2048x1094.jpg 2048w, https:\/\/www.ophris.fr\/wp-content\/uploads\/2026\/03\/bureau_Ophris-1-505x270.jpg 505w\" sizes=\"auto, (max-width: 1024px) 100vw, 1024px\" \/><\/figure>\n<\/figure>\n","protected":false},"excerpt":{"rendered":"<p>Le bureau d&rsquo;OPHRIS est compos\u00e9 de 6 membres: Pr\u00e9sident: Jean-Michel Perez. &nbsp;Universit\u00e9 de Lorraine, composante &nbsp;INSPE (jean-michel.perez@univ-lorraine.fr) Vice-pr\u00e9sidente: Teresa Assude. Universit\u00e9 Aix Marseille, composante INSPE Tr\u00e9sorier: Herv\u00e9 Benoit. INSEI CY Cergy Paris Universit\u00e9 (herve.benoit@insei.fr) Secr\u00e9taire: G\u00e9raldine Suau. Universit\u00e9 de Lorraine, composante &nbsp;INSPE (geraldine.suau@univ-lorraine.fr) Responsable de la communication: Patrice Bourdon. Nantes Universit\u00e9, composante INSPE (patrice.bourdon@univ-nantes.fr) Responsable site web et num\u00e9rique: Fr\u00e9d\u00e9ric Dupr\u00e9. INSEI CY Cergy Paris Universit\u00e9 (frederic.dupre@insei.fr)<\/p>\n","protected":false},"author":1,"featured_media":0,"parent":0,"menu_order":0,"comment_status":"closed","ping_status":"closed","template":"","meta":{"footnotes":""},"class_list":["post-33","page","type-page","status-publish","hentry"],"_links":{"self":[{"href":"https:\/\/www.ophris.fr\/index.php?rest_route=\/wp\/v2\/pages\/33","targetHints":{"allow":["GET"]}}],"collection":[{"href":"https:\/\/www.ophris.fr\/index.php?rest_route=\/wp\/v2\/pages"}],"about":[{"href":"https:\/\/www.ophris.fr\/index.php?rest_route=\/wp\/v2\/types\/page"}],"author":[{"embeddable":true,"href":"https:\/\/www.ophris.fr\/index.php?rest_route=\/wp\/v2\/users\/1"}],"replies":[{"embeddable":true,"href":"https:\/\/www.ophris.fr\/index.php?rest_route=%2Fwp%2Fv2%2Fcomments&post=33"}],"version-history":[{"count":7,"href":"https:\/\/www.ophris.fr\/index.php?rest_route=\/wp\/v2\/pages\/33\/revisions"}],"predecessor-version":[{"id":583,"href":"https:\/\/www.ophris.fr\/index.php?rest_route=\/wp\/v2\/pages\/33\/revisions\/583"}],"wp:attachment":[{"href":"https:\/\/www.ophris.fr\/index.php?rest_route=%2Fwp%2Fv2%2Fmedia&parent=33"}],"curies":[{"name":"wp","href":"https:\/\/api.w.org\/{rel}","templated":true}]}}