{"id":92,"date":"2019-12-12T17:50:02","date_gmt":"2019-12-12T17:50:02","guid":{"rendered":"https:\/\/www.ophris.fr\/?page_id=92"},"modified":"2019-12-12T17:50:02","modified_gmt":"2019-12-12T17:50:02","slug":"2016-suresnes-inshea","status":"publish","type":"page","link":"https:\/\/www.ophris.fr\/?page_id=92","title":{"rendered":"2016 &#8211; Suresnes (INSHEA)"},"content":{"rendered":"\n<figure class=\"wp-block-image size-large\"><img loading=\"lazy\" decoding=\"async\" width=\"456\" height=\"702\" src=\"https:\/\/www.ophris.fr\/wp-content\/uploads\/2019\/12\/suresnes-1.png\" alt=\"\" class=\"wp-image-94\" srcset=\"https:\/\/www.ophris.fr\/wp-content\/uploads\/2019\/12\/suresnes-1.png 456w, https:\/\/www.ophris.fr\/wp-content\/uploads\/2019\/12\/suresnes-1-195x300.png 195w, https:\/\/www.ophris.fr\/wp-content\/uploads\/2019\/12\/suresnes-1-175x270.png 175w\" sizes=\"auto, (max-width: 456px) 100vw, 456px\" \/><\/figure>\n\n\n\n<p>Un certain nombre de travaux ont mis en \u00e9vidence le risque que la fracture num\u00e9rique accentue la fracture sociale. Dans cette perspective, on peut \u00eatre amen\u00e9 \u00e0 se demander comment donner \u00e0 l\u2019\u00e9cole les moyens de pr\u00e9venir ce risque en favorisant l\u2019acc\u00e8s au num\u00e9rique pour tous les \u00e9l\u00e8ves. Mais le d\u00e9veloppement actuel du num\u00e9rique dans la vie quotidienne et dans les pratiques professionnelles peut aussi \u00eatre envisag\u00e9 sous un autre angle, non plus comme obstacle \u00e0 l\u2019acquisition des savoirs, mais comme levier de l\u2019accessibilit\u00e9 didactique et p\u00e9dagogique pour tous les degr\u00e9s d\u2019enseignement, du primaire \u00e0 l\u2019universit\u00e9.&nbsp;<\/p>\n\n\n\n<p>C\u2019est de cette mani\u00e8re que le colloque OPHRIS 2016 veut interroger le r\u00f4le du num\u00e9rique en tant que levier pour&nbsp;la construction d\u2019une soci\u00e9t\u00e9 inclusive et potentiel&nbsp;<em>incubateur<\/em>&nbsp;de nouvelles pratiques \u00e9ducatives et p\u00e9dagogiques dans l\u2019enseignement scolaire et sup\u00e9rieur. Nos questions sont alors&nbsp;:&nbsp;<strong><em>en quoi le num\u00e9rique (en supposant qu\u2019il soit accessible) est-il un moyen de construction d\u2019une soci\u00e9t\u00e9 inclusive&nbsp;? Quels usages du num\u00e9rique pour d\u00e9velopper des pratiques inclusives et l\u2019accessibilit\u00e9 de tous aux savoirs&nbsp;?<\/em><\/strong><\/p>\n\n\n\n<p>Deux axes de travail seront pr\u00e9sents dans le colloque&nbsp;: celui des usages inclusifs des technologies num\u00e9riques dans tous les degr\u00e9s de l\u2019enseignement et celui de la formation \u00e0 ces outils afin de r\u00e9pondre aux besoins de toute la diversit\u00e9 des \u00e9l\u00e8ves et des \u00e9tudiants.<\/p>\n\n\n\n<p><strong>Dans le premier axe<\/strong>, ce sont des usages du num\u00e9rique qui seront au c\u0153ur des pr\u00e9sentations pour montrer en quoi et comment ils permettent aux \u00e9l\u00e8ves et aux \u00e9tudiants en situation de handicap ou de difficult\u00e9 d\u2019acc\u00e9der aux savoirs scolaires et universitaires. L\u2019enjeu est de constituer une culture de l\u2019\u00e9ducation et de la p\u00e9dagogie num\u00e9rique qui soit op\u00e9rante d\u00e8s l\u2019\u00e9cole et qui traverse ensuite le champ des \u00e9tudes secondaires et universitaires&nbsp;:&nbsp;<strong><em>quels&nbsp;&nbsp;outils num\u00e9riques pour quels gains d\u2019accessibilit\u00e9&nbsp;?<\/em><\/strong><\/p>\n\n\n\n<p><strong>Le deuxi\u00e8me axe<\/strong>&nbsp;concerne la&nbsp;&nbsp;formation aux usages et aux outils du num\u00e9rique dans une perspective inclusive. Or la construction des comp\u00e9tences dans ce domaine est largement subordonn\u00e9e \u00e0 la ma\u00eetrise d&rsquo;outils et de technologies num\u00e9riques g\u00e9n\u00e9riques et sp\u00e9cifiques et \u00e0 celle de l&rsquo;ing\u00e9nierie didactique qui permet de les faire contribuer \u00e0 cet objectif.&nbsp; L\u2019un des questionnements que pourra explorer ce colloque d&rsquo;OPHRIS est alors le suivant&nbsp;:&nbsp;<strong><em>en quoi le num\u00e9rique questionne-t-il le travail de formation, ou de recherche ou de praticien ?<\/em><\/strong><\/p>\n\n\n\n<p><strong>Comit\u00e9 scientifique<\/strong>&nbsp;: Angelucci V., HEP Lausanne&nbsp;; Baron G-L., Paris Descartes&nbsp;; Crouzier M-F., MiPNES&nbsp;; Ebersold S., INS HEA, Gardou C., Lyon 2&nbsp;; Garnier P., INS HEA&nbsp;; Lavoie G., UQAT&nbsp;; Lopez Krahe J., Paris 8&nbsp;; Mauguin M., INS HEA&nbsp;; Moreau C., INS HEA&nbsp;; Pelgrims G., Gen\u00e8ve&nbsp;; Plaisance E., Paris Descartes&nbsp;; Puustinen M., INS HEA&nbsp;; Renaud P., DNE&nbsp;; Tricot A., Toulouse 2<\/p>\n\n\n\n<p><strong>Responsables<\/strong>&nbsp;: Assude T. AMU&nbsp;; Benoit H. INS HEA&nbsp;; P\u00e9rez, J-M. UL&nbsp;<\/p>\n","protected":false},"excerpt":{"rendered":"<p>Un certain nombre de travaux ont mis en \u00e9vidence le risque que la fracture num\u00e9rique accentue la fracture sociale. Dans cette perspective, on peut \u00eatre amen\u00e9 \u00e0 se demander comment donner \u00e0 l\u2019\u00e9cole les moyens de pr\u00e9venir ce risque en favorisant l\u2019acc\u00e8s au num\u00e9rique pour tous les \u00e9l\u00e8ves. Mais le d\u00e9veloppement actuel du num\u00e9rique dans la vie quotidienne et dans les pratiques professionnelles peut aussi \u00eatre envisag\u00e9 sous un autre angle, non plus comme obstacle \u00e0 l\u2019acquisition des savoirs, mais&#8230;<\/p>\n<p class=\"read-more\"><a class=\"btn btn-default\" href=\"https:\/\/www.ophris.fr\/?page_id=92\">Lire la suite<span class=\"screen-reader-text\"> Lire la suite<\/span><\/a><\/p>\n","protected":false},"author":1,"featured_media":0,"parent":0,"menu_order":0,"comment_status":"closed","ping_status":"closed","template":"","meta":{"footnotes":""},"class_list":["post-92","page","type-page","status-publish","hentry"],"_links":{"self":[{"href":"https:\/\/www.ophris.fr\/index.php?rest_route=\/wp\/v2\/pages\/92","targetHints":{"allow":["GET"]}}],"collection":[{"href":"https:\/\/www.ophris.fr\/index.php?rest_route=\/wp\/v2\/pages"}],"about":[{"href":"https:\/\/www.ophris.fr\/index.php?rest_route=\/wp\/v2\/types\/page"}],"author":[{"embeddable":true,"href":"https:\/\/www.ophris.fr\/index.php?rest_route=\/wp\/v2\/users\/1"}],"replies":[{"embeddable":true,"href":"https:\/\/www.ophris.fr\/index.php?rest_route=%2Fwp%2Fv2%2Fcomments&post=92"}],"version-history":[{"count":1,"href":"https:\/\/www.ophris.fr\/index.php?rest_route=\/wp\/v2\/pages\/92\/revisions"}],"predecessor-version":[{"id":95,"href":"https:\/\/www.ophris.fr\/index.php?rest_route=\/wp\/v2\/pages\/92\/revisions\/95"}],"wp:attachment":[{"href":"https:\/\/www.ophris.fr\/index.php?rest_route=%2Fwp%2Fv2%2Fmedia&parent=92"}],"curies":[{"name":"wp","href":"https:\/\/api.w.org\/{rel}","templated":true}]}}